{"id":3,"date":"2022-02-22T17:38:07","date_gmt":"2022-02-22T17:38:07","guid":{"rendered":"https:\/\/designanddisrupt.co\/?page_id=3"},"modified":"2023-07-17T12:47:23","modified_gmt":"2023-07-17T12:47:23","slug":"privacy-policy","status":"publish","type":"page","link":"https:\/\/designanddisrupt.co\/fi\/tietosuojakaytanto\/","title":{"rendered":"Tietosuojak\u00e4yt\u00e4nt\u00f6"},"content":{"rendered":"<p class=\"privacy-policy-h1\">Last Updated On 17-July-2023<br \/>\nVoimaantulop\u00e4iv\u00e4 23-4-2023<\/p>\n<p class=\"privacy-policy-p\">This Privacy Policy describes the policies of Design &amp; Disrupt Co., Vaasa, Finland, Ostrobothnia 65200, Finland, email: admin@designanddisrupt.co, phone: +358403734094 on the collection, use, and disclosure of your information that we collect when you use our website (https:\/\/designanddisrupt.co). (the \u201cService\u201d). By accessing or using the Service, you are consenting to the collection, use, and disclosure of your information in accordance with this Privacy Policy. If you do not consent to the same, please do not access or use the Service.<\/p>\n<p class=\"privacy-policy-p\">Voimme muuttaa t\u00e4t\u00e4 tietosuojak\u00e4yt\u00e4nt\u00f6\u00e4 milloin tahansa ilman ennakkoilmoitusta ja julkaisemme tarkistetun tietosuojak\u00e4yt\u00e4nn\u00f6n Palvelussa. Uudistettu k\u00e4yt\u00e4nt\u00f6 tulee voimaan 180 p\u00e4iv\u00e4\u00e4 siit\u00e4, kun tarkistettu k\u00e4yt\u00e4nt\u00f6 on julkaistu Palvelussa, ja jatkuva palvelun k\u00e4ytt\u00f6si tai k\u00e4ytt\u00f6si t\u00e4m\u00e4n ajan j\u00e4lkeen merkitsee, ett\u00e4 hyv\u00e4ksyt tarkistetun tietosuojak\u00e4yt\u00e4nn\u00f6n. Siksi suosittelemme, ett\u00e4 tarkistat t\u00e4m\u00e4n sivun s\u00e4\u00e4nn\u00f6llisesti.<\/p>\n<h2 id='what-types-of-personal-data-do-we-process'  class=\"privacy-policy-h2\"><span class=\"notion-enable-hover\" data-token-index=\"0\">What types of personal data do we process?<\/span><\/h2>\n<h3 id='information-necessary-for-the-operation'><span class=\"notion-enable-hover\" data-token-index=\"0\">Information necessary for the operation<\/span><\/h3>\n<p>We process information that is necessary and relevant to the conduct of our business. This includes information on cooperation, customer and contractual relationships, as well as information on the production, management, and development of assignments and services. In addition, we process information about clients and stakeholders, as well as information needed in order to carry out events, training, occasions, and internal projects.<\/p>\n<p>The processed information relates to the contact details, identification, or to other related background information of the above-mentioned parties or their representatives. Data can also be collected on joint activities, depending on their form. The information may include, for example, name, position, organization, channel, billing information, contact information, or other information. The information is mainly collected directly from the above-mentioned parties or their representatives.<\/p>\n<p>The legal basis for the processing is legitimate interest based on customer or other relationship, service provider, or invoicing. In addition, the legal basis is the preparation and performance of the contract or other cooperation and the fulfillment of legal obligations (such as accounting and taxation). The legal basis may also be consent. Data may also be collected to avoid conflicts of interest.<\/p>\n<h2 id='how-we-use-your-information'  class=\"privacy-policy-h2\">Kuinka k\u00e4yt\u00e4mme tietojasi:<\/h2>\n<p class=\"privacy-policy-p\">K\u00e4yt\u00e4mme sinusta ker\u00e4\u00e4mi\u00e4mme tietoja seuraaviin tarkoituksiin:<\/p>\n<ol class=\"privacy-policy-ol\">\n<li>Markkinointi \/ myynninedist\u00e4minen<\/li>\n<li>Suositukset<\/li>\n<li>Asiakaspalautteen ker\u00e4\u00e4minen<\/li>\n<li>Tuki<\/li>\n<li>Kohdennettu mainonta<\/li>\n<\/ol>\n<p class=\"privacy-policy-p\">Jos haluamme k\u00e4ytt\u00e4\u00e4 tietojasi johonkin muuhun tarkoitukseen, pyyd\u00e4mme sinulta suostumuksesi ja k\u00e4yt\u00e4mme tietojasi vain saatuamme suostumuksesi ja sen j\u00e4lkeen vain niihin tarkoituksiin, joihin suostumme, ellei meit\u00e4 vaadi toisin laki.<\/p>\n<h2 id='marketing-and-customer-communication'><span class=\"notion-enable-hover\" data-token-index=\"0\">Marketing and customer communication<\/span><\/h2>\n<p>We process information for sales and marketing purposes. Information about potential customers is also processed for the purpose of communication. The data may be processed, for example, for the purpose of sending invitations and newsletters, conducting and sending opinion polls or market surveys, or other surveys. The information collected may include, for example, name, contact information, or other identifying information. The legal basis for processing is consent.<\/p>\n<h2 id='how-do-we-retain-personal-data-and-how-do-we-use-it'  class=\"privacy-policy-h2\"><span class=\"notion-enable-hover\" data-token-index=\"0\">How do we retain personal data and how do we use it?<\/span><\/h2>\n<p>We retain the information for the duration of the customer or partnership relationship and thereafter for the time being. The data may be deleted at the request of the data owner after the termination of the customer or cooperation relationship. For some data, a shorter or longer retention period may be notified separately. Data collected for direct marketing will be deleted as soon as the request for deletion has been processed.<\/p>\n<p>We exercise care in storing and processing information. We secure information security with various technical methods. The data is stored and processed through service providers known to be safe. The data is protected by strictly limited access rights and processed only for the purpose for which it was collected. All personal information is treated with confidence. Personal information is not used for automatic decision-making or profiling.<\/p>\n<p>We will not disclose or transfer the information to third parties unless otherwise agreed. An exception may be an obligation related to legislation or an official obligation, the legality of which is always examined on a case-by-case basis. If, on the other hand, the transfer of data is based on a contractual relationship with the service provider, which may process the data in order to provide services to Design &amp; Disrupt Co., the proper and lawful processing of personal data is ensured by agreements and, if necessary, non-disclosure agreements.<\/p>\n<p>Data may be transferred outside the EU or the EEA. For example, tool and file management service providers may be located outside of these areas.<\/p>\n<p>All commercial collaborations and affiliates are always marked and visible.\u00a0If there is an affiliate link, the link may provide Design &amp; Disrupt Co. with a small percentage of the commission but does not cost you anything extra. Design &amp; Disrupt Co. and its founder Laila Fe Balinggan also participate in the Amazon Services LLC Associates Program, an affiliate advertising program designed to provide a means for sites to earn advertising fees by advertising and linking to <a href=\"http:\/\/Amazon.com\">Amazon.com<\/a>. As an Amazon Associate, I earn from qualifying purchases.<\/p>\n<h2 id='your-rights'  class=\"privacy-policy-h2\">Sinun oikeutesi:<\/h2>\n<p>You have the right to request access to your personal data. This includes the right to know what personal data is being processed but also the purpose of that processing.<\/p>\n<p>You have the right to rectification, for example, in the case of incorrect or incomplete information. You may request the completion of personal data or that the processing of data be restricted or deleted on legal grounds, provided that the retention of the data is not based on a legal obligation.<\/p>\n<p>You have the right to withdraw your consent to the use of personal data if their use is based on consent. However, the cancellation shall not affect the prior processing of the data or its lawfulness. If the processing of the data is based on consent, you also have the right to receive this data in machine-readable form and transfer it to another controller.<\/p>\n<p>You have the right to object to certain processing of your personal data, for example, data profiling and processing. You have the right to object when your personal data is processed for direct marketing purposes or when the processing is based on legitimate interest. The situation must be specified in the requirement, which we can refuse to comply with only on the grounds provided by law.<\/p>\n<p>You have the right to complain to the competent authority if you feel that we have failed to comply with data protection regulations.<\/p>\n<p>We reserve the right to update and amend this Privacy Policy.<\/p>\n<h2 id='website-visitor-information'  class=\"privacy-policy-h2\"><span class=\"notion-enable-hover\" data-token-index=\"0\">Website visitor information<\/span><\/h2>\n<p class=\"privacy-policy-p\">We process cookies and website visitor information for business development and to ensure the functionality of the website. The information collected may include, for example, the pages visited and the duration of the visit. The legal basis for processing is consent.<\/p>\n<h2 id='security'  class=\"privacy-policy-h2\">Turvallisuus:<\/h2>\n<p class=\"privacy-policy-p\">Tietojesi turvallisuus on meille t\u00e4rke\u00e4\u00e4, ja k\u00e4yt\u00e4mme kohtuullisia turvatoimia est\u00e4\u00e4ksemme hallinnassamme olevien tietojesi katoamisen, v\u00e4\u00e4rink\u00e4yt\u00f6n tai luvattoman muuttamisen. Luontaisten riskien vuoksi emme kuitenkaan voi taata t\u00e4ydellist\u00e4 turvallisuutta, ja n\u00e4in ollen emme voi taata tai taata mink\u00e4\u00e4n meille l\u00e4hett\u00e4miesi tietojen turvallisuutta, ja teet sen omalla vastuullasi.<\/p>\n<h2 id='third-party-links-use-of-your-information'  class=\"privacy-policy-h2\">Kolmannen osapuolen linkit ja tietojesi k\u00e4ytt\u00f6:<\/h2>\n<p class=\"privacy-policy-p\">Palvelumme voi sis\u00e4lt\u00e4\u00e4 linkkej\u00e4 muille verkkosivustoille, joita emme hallinnoi. T\u00e4m\u00e4 tietosuojak\u00e4yt\u00e4nt\u00f6 ei koske mink\u00e4\u00e4n kolmannen osapuolen tietosuojak\u00e4yt\u00e4nt\u00f6\u00e4 tai muita k\u00e4yt\u00e4nt\u00f6j\u00e4, mukaan lukien kolmannet osapuolet, jotka k\u00e4ytt\u00e4v\u00e4t mit\u00e4 tahansa verkkosivustoa tai palvelua, johon voi p\u00e4\u00e4st\u00e4 Palvelussa olevan linkin kautta. Suosittelemme, ett\u00e4 tutustut jokaisen vierailemasi sivuston tietosuojak\u00e4yt\u00e4nt\u00f6\u00f6n. Emme voi valvoa kolmansien osapuolien sivustojen tai palveluiden sis\u00e4lt\u00f6\u00e4, tietosuojak\u00e4yt\u00e4nt\u00f6j\u00e4 tai k\u00e4yt\u00e4nt\u00f6j\u00e4 emmek\u00e4 ota niist\u00e4 vastuuta.<\/p>\n<h2 id='grievance-data-protection-officer'  class=\"privacy-policy-h2\">Valitus \/ tietosuojavastaava:<\/h2>\n<p class=\"privacy-policy-p\">Jos sinulla on kysytt\u00e4v\u00e4\u00e4 tai huolenaiheita saatavilla olevien tietojesi k\u00e4sittelyst\u00e4, voit l\u00e4hett\u00e4\u00e4 s\u00e4hk\u00f6postia valitusvastaavallemme Design &amp; Disrupt Co.:ssa, Vaasassa, s\u00e4hk\u00f6postilla: admin@designanddisrupt.co. K\u00e4sittelemme huolenaiheesi sovellettavan lain mukaisesti.<\/p>\n<h2 id='controller-and-the-processor'><span class=\"notion-enable-hover\" data-token-index=\"0\">Controller and the processor<\/span><\/h2>\n<p>Name: Design &amp; Disrupt Co. (3310525-5)<br \/>\n<!-- -->Contact person: Laila Fe Balinggan, <a href=\"mailto:laila@designanddisrupt.co\">laila@designanddisrupt.co<\/a><\/p>\n<p>&nbsp;<\/p>","protected":false},"excerpt":{"rendered":"<p>Last Updated On 17-July-2023 Effective Date 23-Apr-2023 This Privacy Policy describes the policies of Design &amp; Disrupt Co., Vaasa, Finland, Ostrobothnia 65200, Finland, email: admin@designanddisrupt.co, phone: +358403734094 on the collection, use, and disclosure of your information that we collect when you use our website (https:\/\/designanddisrupt.co). (the \u201cService\u201d). By accessing or using the Service, you are [&hellip;]<\/p>","protected":false},"author":1,"featured_media":6474,"parent":0,"menu_order":0,"comment_status":"closed","ping_status":"closed","template":"","meta":{"_et_pb_use_builder":"off","_et_pb_old_content":"","_et_gb_content_width":"","content-type":"","footnotes":""},"class_list":["post-3","page","type-page","status-publish","has-post-thumbnail","hentry"],"yoast_head":"<!-- This site is optimized with the Yoast SEO plugin v25.9 - https:\/\/yoast.com\/wordpress\/plugins\/seo\/ -->\n<title>Privacy Policy - Design and Disrupt<\/title>\n<meta name=\"robots\" content=\"noindex, nofollow\" \/>\n<meta property=\"og:locale\" content=\"fi_FI\" \/>\n<meta property=\"og:type\" content=\"article\" \/>\n<meta property=\"og:title\" content=\"Privacy Policy - Design and Disrupt\" \/>\n<meta property=\"og:description\" content=\"Last Updated On 17-July-2023 Effective Date 23-Apr-2023 This Privacy Policy describes the policies of Design &amp; Disrupt Co., Vaasa, Finland, Ostrobothnia 65200, Finland, email: admin@designanddisrupt.co, phone: +358403734094 on the collection, use, and disclosure of your information that we collect when you use our website (https:\/\/designanddisrupt.co). (the \u201cService\u201d). By accessing or using the Service, you are [&hellip;]\" \/>\n<meta property=\"og:url\" content=\"https:\/\/designanddisrupt.co\/fi\/tietosuojakaytanto\/\" \/>\n<meta property=\"og:site_name\" content=\"Design and Disrupt\" \/>\n<meta property=\"article:publisher\" content=\"https:\/\/www.facebook.com\/designanddisruptco\" \/>\n<meta property=\"article:modified_time\" content=\"2023-07-17T12:47:23+00:00\" \/>\n<meta property=\"og:image\" content=\"https:\/\/designanddisrupt.co\/wp-content\/uploads\/2022\/09\/DD-Logo.png\" \/>\n\t<meta property=\"og:image:width\" content=\"500\" \/>\n\t<meta property=\"og:image:height\" content=\"500\" \/>\n\t<meta property=\"og:image:type\" content=\"image\/png\" \/>\n<meta name=\"twitter:card\" content=\"summary_large_image\" \/>\n<meta name=\"twitter:site\" content=\"@AndDisrupt\" \/>\n<meta name=\"twitter:label1\" content=\"Arvioitu lukuaika\" \/>\n\t<meta name=\"twitter:data1\" content=\"7 minuuttia\" \/>\n<script type=\"application\/ld+json\" class=\"yoast-schema-graph\">{\"@context\":\"https:\/\/schema.org\",\"@graph\":[{\"@type\":\"WebPage\",\"@id\":\"https:\/\/designanddisrupt.co\/privacy-policy\/\",\"url\":\"https:\/\/designanddisrupt.co\/privacy-policy\/\",\"name\":\"Privacy Policy - Design and Disrupt\",\"isPartOf\":{\"@id\":\"https:\/\/designanddisrupt.co\/#website\"},\"primaryImageOfPage\":{\"@id\":\"https:\/\/designanddisrupt.co\/privacy-policy\/#primaryimage\"},\"image\":{\"@id\":\"https:\/\/designanddisrupt.co\/privacy-policy\/#primaryimage\"},\"thumbnailUrl\":\"https:\/\/designanddisrupt.co\/wp-content\/uploads\/2022\/09\/DD-Logo.png\",\"datePublished\":\"2022-02-22T17:38:07+00:00\",\"dateModified\":\"2023-07-17T12:47:23+00:00\",\"breadcrumb\":{\"@id\":\"https:\/\/designanddisrupt.co\/privacy-policy\/#breadcrumb\"},\"inLanguage\":\"fi\",\"potentialAction\":[{\"@type\":\"ReadAction\",\"target\":[\"https:\/\/designanddisrupt.co\/privacy-policy\/\"]}]},{\"@type\":\"ImageObject\",\"inLanguage\":\"fi\",\"@id\":\"https:\/\/designanddisrupt.co\/privacy-policy\/#primaryimage\",\"url\":\"https:\/\/designanddisrupt.co\/wp-content\/uploads\/2022\/09\/DD-Logo.png\",\"contentUrl\":\"https:\/\/designanddisrupt.co\/wp-content\/uploads\/2022\/09\/DD-Logo.png\",\"width\":500,\"height\":500,\"caption\":\"Design and Disrupt Logo\"},{\"@type\":\"BreadcrumbList\",\"@id\":\"https:\/\/designanddisrupt.co\/privacy-policy\/#breadcrumb\",\"itemListElement\":[{\"@type\":\"ListItem\",\"position\":1,\"name\":\"Home\",\"item\":\"https:\/\/designanddisrupt.co\/\"},{\"@type\":\"ListItem\",\"position\":2,\"name\":\"Privacy Policy\"}]},{\"@type\":\"WebSite\",\"@id\":\"https:\/\/designanddisrupt.co\/#website\",\"url\":\"https:\/\/designanddisrupt.co\/\",\"name\":\"Design and Disrupt\",\"description\":\"We Market Your Business Like It&#039;s Ours\",\"publisher\":{\"@id\":\"https:\/\/designanddisrupt.co\/#organization\"},\"potentialAction\":[{\"@type\":\"SearchAction\",\"target\":{\"@type\":\"EntryPoint\",\"urlTemplate\":\"https:\/\/designanddisrupt.co\/?s={search_term_string}\"},\"query-input\":{\"@type\":\"PropertyValueSpecification\",\"valueRequired\":true,\"valueName\":\"search_term_string\"}}],\"inLanguage\":\"fi\"},{\"@type\":\"Organization\",\"@id\":\"https:\/\/designanddisrupt.co\/#organization\",\"name\":\"Design and Disrupt Co.\",\"url\":\"https:\/\/designanddisrupt.co\/\",\"logo\":{\"@type\":\"ImageObject\",\"inLanguage\":\"fi\",\"@id\":\"https:\/\/designanddisrupt.co\/#\/schema\/logo\/image\/\",\"url\":\"https:\/\/designanddisrupt.co\/wp-content\/uploads\/2022\/11\/309391429_159697846677963_2853838815974018940_n.jpg\",\"contentUrl\":\"https:\/\/designanddisrupt.co\/wp-content\/uploads\/2022\/11\/309391429_159697846677963_2853838815974018940_n.jpg\",\"width\":500,\"height\":500,\"caption\":\"Design and Disrupt Co.\"},\"image\":{\"@id\":\"https:\/\/designanddisrupt.co\/#\/schema\/logo\/image\/\"},\"sameAs\":[\"https:\/\/www.facebook.com\/designanddisruptco\",\"https:\/\/x.com\/AndDisrupt\",\"https:\/\/www.pinterest.ph\/designanddisruptco\",\"https:\/\/www.instagram.com\/designanddisruptco\/\",\"https:\/\/www.linkedin.com\/company\/designanddisruptco\"]}]}<\/script>\n<!-- \/ Yoast SEO plugin. -->","yoast_head_json":{"title":"Privacy Policy - Design and Disrupt","robots":{"index":"noindex","follow":"nofollow"},"og_locale":"fi_FI","og_type":"article","og_title":"Privacy Policy - Design and Disrupt","og_description":"Last Updated On 17-July-2023 Effective Date 23-Apr-2023 This Privacy Policy describes the policies of Design &amp; Disrupt Co., Vaasa, Finland, Ostrobothnia 65200, Finland, email: admin@designanddisrupt.co, phone: +358403734094 on the collection, use, and disclosure of your information that we collect when you use our website (https:\/\/designanddisrupt.co). (the \u201cService\u201d). By accessing or using the Service, you are [&hellip;]","og_url":"https:\/\/designanddisrupt.co\/fi\/tietosuojakaytanto\/","og_site_name":"Design and Disrupt","article_publisher":"https:\/\/www.facebook.com\/designanddisruptco","article_modified_time":"2023-07-17T12:47:23+00:00","og_image":[{"width":500,"height":500,"url":"https:\/\/designanddisrupt.co\/wp-content\/uploads\/2022\/09\/DD-Logo.png","type":"image\/png"}],"twitter_card":"summary_large_image","twitter_site":"@AndDisrupt","twitter_misc":{"Arvioitu lukuaika":"7 minuuttia"},"schema":{"@context":"https:\/\/schema.org","@graph":[{"@type":"WebPage","@id":"https:\/\/designanddisrupt.co\/privacy-policy\/","url":"https:\/\/designanddisrupt.co\/privacy-policy\/","name":"Privacy Policy - Design and Disrupt","isPartOf":{"@id":"https:\/\/designanddisrupt.co\/#website"},"primaryImageOfPage":{"@id":"https:\/\/designanddisrupt.co\/privacy-policy\/#primaryimage"},"image":{"@id":"https:\/\/designanddisrupt.co\/privacy-policy\/#primaryimage"},"thumbnailUrl":"https:\/\/designanddisrupt.co\/wp-content\/uploads\/2022\/09\/DD-Logo.png","datePublished":"2022-02-22T17:38:07+00:00","dateModified":"2023-07-17T12:47:23+00:00","breadcrumb":{"@id":"https:\/\/designanddisrupt.co\/privacy-policy\/#breadcrumb"},"inLanguage":"fi","potentialAction":[{"@type":"ReadAction","target":["https:\/\/designanddisrupt.co\/privacy-policy\/"]}]},{"@type":"ImageObject","inLanguage":"fi","@id":"https:\/\/designanddisrupt.co\/privacy-policy\/#primaryimage","url":"https:\/\/designanddisrupt.co\/wp-content\/uploads\/2022\/09\/DD-Logo.png","contentUrl":"https:\/\/designanddisrupt.co\/wp-content\/uploads\/2022\/09\/DD-Logo.png","width":500,"height":500,"caption":"Design and Disrupt Logo"},{"@type":"BreadcrumbList","@id":"https:\/\/designanddisrupt.co\/privacy-policy\/#breadcrumb","itemListElement":[{"@type":"ListItem","position":1,"name":"Home","item":"https:\/\/designanddisrupt.co\/"},{"@type":"ListItem","position":2,"name":"Privacy Policy"}]},{"@type":"WebSite","@id":"https:\/\/designanddisrupt.co\/#website","url":"https:\/\/designanddisrupt.co\/","name":"Design and Disrupt","description":"We Market Your Business Like It&#039;s Ours","publisher":{"@id":"https:\/\/designanddisrupt.co\/#organization"},"potentialAction":[{"@type":"SearchAction","target":{"@type":"EntryPoint","urlTemplate":"https:\/\/designanddisrupt.co\/?s={search_term_string}"},"query-input":{"@type":"PropertyValueSpecification","valueRequired":true,"valueName":"search_term_string"}}],"inLanguage":"fi"},{"@type":"Organization","@id":"https:\/\/designanddisrupt.co\/#organization","name":"Design and Disrupt Co.","url":"https:\/\/designanddisrupt.co\/","logo":{"@type":"ImageObject","inLanguage":"fi","@id":"https:\/\/designanddisrupt.co\/#\/schema\/logo\/image\/","url":"https:\/\/designanddisrupt.co\/wp-content\/uploads\/2022\/11\/309391429_159697846677963_2853838815974018940_n.jpg","contentUrl":"https:\/\/designanddisrupt.co\/wp-content\/uploads\/2022\/11\/309391429_159697846677963_2853838815974018940_n.jpg","width":500,"height":500,"caption":"Design and Disrupt Co."},"image":{"@id":"https:\/\/designanddisrupt.co\/#\/schema\/logo\/image\/"},"sameAs":["https:\/\/www.facebook.com\/designanddisruptco","https:\/\/x.com\/AndDisrupt","https:\/\/www.pinterest.ph\/designanddisruptco","https:\/\/www.instagram.com\/designanddisruptco\/","https:\/\/www.linkedin.com\/company\/designanddisruptco"]}]}},"_links":{"self":[{"href":"https:\/\/designanddisrupt.co\/fi\/wp-json\/wp\/v2\/pages\/3","targetHints":{"allow":["GET"]}}],"collection":[{"href":"https:\/\/designanddisrupt.co\/fi\/wp-json\/wp\/v2\/pages"}],"about":[{"href":"https:\/\/designanddisrupt.co\/fi\/wp-json\/wp\/v2\/types\/page"}],"author":[{"embeddable":true,"href":"https:\/\/designanddisrupt.co\/fi\/wp-json\/wp\/v2\/users\/1"}],"replies":[{"embeddable":true,"href":"https:\/\/designanddisrupt.co\/fi\/wp-json\/wp\/v2\/comments?post=3"}],"version-history":[{"count":1,"href":"https:\/\/designanddisrupt.co\/fi\/wp-json\/wp\/v2\/pages\/3\/revisions"}],"predecessor-version":[{"id":9212,"href":"https:\/\/designanddisrupt.co\/fi\/wp-json\/wp\/v2\/pages\/3\/revisions\/9212"}],"wp:featuredmedia":[{"embeddable":true,"href":"https:\/\/designanddisrupt.co\/fi\/wp-json\/wp\/v2\/media\/6474"}],"wp:attachment":[{"href":"https:\/\/designanddisrupt.co\/fi\/wp-json\/wp\/v2\/media?parent=3"}],"curies":[{"name":"wp","href":"https:\/\/api.w.org\/{rel}","templated":true}]}}