{"id":8575,"date":"2023-04-20T11:02:02","date_gmt":"2023-04-20T11:02:02","guid":{"rendered":"https:\/\/designanddisrupt.co\/?page_id=8575"},"modified":"2023-10-22T12:04:52","modified_gmt":"2023-10-22T12:04:52","slug":"digital-marketing-strategy-guide","status":"publish","type":"page","link":"https:\/\/designanddisrupt.co\/fi\/digitaalisen-markkinoinnin-strategiaopas\/","title":{"rendered":"Digitaalisen Markkinointistrategian Kehitt\u00e4minen"},"content":{"rendered":"<p>[et_pb_section fb_built=&#8221;1&#8243; _builder_version=&#8221;4.23&#8243; _module_preset=&#8221;default&#8221; background_color=&#8221;#000080&#8243; use_background_color_gradient=&#8221;on&#8221; background_color_gradient_stops=&#8221;rgba(0,0,128,0.9) 0%|rgba(0,0,128,0.9) 100%&#8221; background_color_gradient_overlays_image=&#8221;on&#8221; background_image=&#8221;https:\/\/designanddisrupt.co\/wp-content\/uploads\/2023\/10\/develop-digital-marketing-strategy.jpg&#8221; custom_margin=&#8221;0px||0px||true|false&#8221; custom_padding=&#8221;100px||100px||true|false&#8221; global_colors_info=&#8221;{}&#8221;][et_pb_row column_structure=&#8221;2_5,3_5&#8243; _builder_version=&#8221;4.23&#8243; _module_preset=&#8221;default&#8221; width=&#8221;90%&#8221; custom_padding=&#8221;0px||0px||true|false&#8221; global_colors_info=&#8221;{}&#8221;][et_pb_column type=&#8221;2_5&#8243; _builder_version=&#8221;4.23&#8243; _module_preset=&#8221;default&#8221; global_colors_info=&#8221;{}&#8221;][et_pb_image src=&#8221;https:\/\/designanddisrupt.co\/wp-content\/uploads\/2023\/10\/develop-a-digital-marketing-strategy.png&#8221; alt=&#8221;develop a digital marketing strategy&#8221; _builder_version=&#8221;4.23&#8243; _module_preset=&#8221;default&#8221; global_colors_info=&#8221;{}&#8221;][\/et_pb_image][et_pb_text _builder_version=&#8221;4.23&#8243; _module_preset=&#8221;default&#8221; text_font=&#8221;IvyOra Display Light Italic||||||||&#8221; text_text_color=&#8221;#FFFFFF&#8221; text_font_size=&#8221;35px&#8221; text_line_height=&#8221;1.3em&#8221; global_colors_info=&#8221;{}&#8221;]<\/p>\n<p>\"Vau, t\u00e4m\u00e4 on paras opas, jonka olen koskaan saanut t\u00e4st\u00e4 aiheesta! Vietin juuri viimeiset kaksi tuntia sukeltamalla siihen!\"<\/p>\n<p>[\/et_pb_text][et_pb_text _builder_version=&#8221;4.23&#8243; _module_preset=&#8221;default&#8221; text_font=&#8221;Brittany||on||||||&#8221; text_text_color=&#8221;#FF974F&#8221; text_font_size=&#8221;40px&#8221; global_colors_info=&#8221;{}&#8221;]<\/p>\n<p>\u2013 Courtney<\/p>\n<p>[\/et_pb_text][\/et_pb_column][et_pb_column type=&#8221;3_5&#8243; _builder_version=&#8221;4.23&#8243; _module_preset=&#8221;default&#8221; global_colors_info=&#8221;{}&#8221;][et_pb_text _builder_version=&#8221;4.23&#8243; _module_preset=&#8221;default&#8221; text_font=&#8221;Brittany||||||||&#8221; text_text_color=&#8221;#FFE4D3&#8243; text_font_size=&#8221;50px&#8221; header_2_font=&#8221;||on||||||&#8221; header_2_text_align=&#8221;left&#8221; header_2_text_color=&#8221;#FF974F&#8221; header_2_font_size=&#8221;60px&#8221; text_orientation=&#8221;center&#8221; custom_margin=&#8221;||||false|false&#8221; global_colors_info=&#8221;{}&#8221;]<\/p>\n<h2 id='free-guide'>Ilmainen opas!<\/h2>\n<p>[\/et_pb_text][et_pb_text _builder_version=&#8221;4.23&#8243; _module_preset=&#8221;default&#8221; header_font=&#8221;IvyOra Display Light||||||||&#8221; header_text_align=&#8221;left&#8221; header_text_color=&#8221;#FFFFFF&#8221; header_font_size=&#8221;48px&#8221; header_letter_spacing=&#8221;1px&#8221; header_line_height=&#8221;1.3em&#8221; custom_margin=&#8221;-20px||20px||false|false&#8221; custom_padding=&#8221;0px||0px||true|false&#8221; global_colors_info=&#8221;{}&#8221;]<\/p>\n<h1 id='business-owner-s-guide-to-developing-a-winning-digital-marketing-strategy'>Yritt\u00e4j\u00e4n opas voittavan digitaalisen markkinointistrategian kehitt\u00e4miseen<\/h1>\n<p>[\/et_pb_text][et_pb_text _builder_version=&#8221;4.23&#8243; _module_preset=&#8221;default&#8221; text_font=&#8221;|300|||||||&#8221; text_text_color=&#8221;#FFFFFF&#8221; text_line_height=&#8221;1.6em&#8221; global_colors_info=&#8221;{}&#8221;]<\/p>\n<p>Tunnetko itsesi eksyneeksi ja h\u00e4mmentyneeksi siit\u00e4, miten sinun pit\u00e4isi aloittaa yrityksesi markkinointi verkossa? Et ole yksin! Verkossa on niin monia alustoja, ett\u00e4 se voi tuntua p\u00e4\u00e4ns\u00e4rkyjen verkolta. Hyv\u00e4t uutiset? Monet yrityksen omistajat ovat samassa veneess\u00e4. Jos etsit selkeit\u00e4 vastauksia t\u00e4h\u00e4n dilemmaan, e-kirjamme saattaa olla juuri sit\u00e4, mit\u00e4 tarvitset.<\/p>\n<p>[\/et_pb_text][et_pb_text _builder_version=&#8221;4.23&#8243; _module_preset=&#8221;default&#8221; text_font=&#8221;|600||on|||||&#8221; text_text_color=&#8221;#FF974F&#8221; text_font_size=&#8221;20px&#8221; text_letter_spacing=&#8221;1px&#8221; text_line_height=&#8221;2em&#8221; global_colors_info=&#8221;{}&#8221;]\u2713 <span style=\"color: #ffffff;\">Ohita kokeilu- ja erehdysvaihe todistettujen strategioiden avulla<\/span><br \/>\n\u2713 <span style=\"color: #ffffff;\">V\u00e4lt\u00e4 yleiset sudenkuopat, jotka tuhlaavat aikaasi<\/span><br \/>\n\u2713 <span style=\"color: #ffffff;\">Toteuta r\u00e4\u00e4t\u00e4l\u00f6ity suunnitelma, joka tuottaa tuloksia nopeammin<\/span>[\/et_pb_text][et_pb_signup provider=&#8221;mailerlite&#8221; mailerlite_list=&#8221;Design and Disrupt Co|86155979091084653&#8243; first_name_fullwidth=&#8221;off&#8221; last_name_field=&#8221;off&#8221; email_fullwidth=&#8221;off&#8221; success_action=&#8221;redirect&#8221; success_redirect_url=&#8221;https:\/\/drive.google.com\/file\/d\/1Udt-1VCHl_hdGPCfN7lFsCqfaJROv8Fl\/view?usp=share_link&#8221; success_redirect_query=&#8221;off|off|off|off|off&#8221; button_text=&#8221;YES, PLEASE!&#8221; footer_content=&#8221;<\/p>\n<p>*Downloading the freebie will subscribe you to our email list. You may unsubscribe at any time, though doing so means you won&#8217;t be able to accept more freebies in the future. Check our <span style=\"%22text-decoration:\" underline;%22><span style=\"%22color:\" #ffffff; text-decoration: underline;%22><a href=\"\/fi\/%22https%3a\/\/designanddisrupt-co\/tietosuojakaytanto\/%22\/\" style=\"%22color:\" #ffffff; text-decoration: underline;%22>k\u00e4yt\u00e4nt\u00f6<\/a><\/span><\/span>.<\/p>\n<p>&#8221; use_spam_service=&#8221;on&#8221; recaptcha_list=&#8221;Design &#038; Disrupt Co|Design &#038; Disrupt Co-0&#8243; _builder_version=&#8221;4.23&#8243; _module_preset=&#8221;default&#8221; form_field_text_color=&#8221;#011637&#8243; form_field_focus_text_color=&#8221;#011637&#8243; header_level=&#8221;h5&#8243; header_font_size=&#8221;21px&#8221; header_line_height=&#8221;1.5em&#8221; body_font=&#8221;|300|||||||&#8221; body_text_align=&#8221;center&#8221; body_font_size=&#8221;12px&#8221; body_line_height=&#8221;1.5em&#8221; form_field_font=&#8221;Poppins|300|on||||||&#8221; form_field_font_size=&#8221;16px&#8221; background_color=&#8221;RGBA(255,255,255,0)&#8221; custom_button=&#8221;on&#8221; button_text_size=&#8221;16px&#8221; button_text_color=&#8221;#FFFFFF&#8221; button_bg_color=&#8221;#FF974F&#8221; button_border_width=&#8221;0px&#8221; button_border_radius=&#8221;0px&#8221; button_letter_spacing=&#8221;3px&#8221; button_font=&#8221;|||on|||||&#8221; button_use_icon=&#8221;off&#8221; button_custom_padding=&#8221;10px||10px||true|false&#8221; width=&#8221;70%&#8221; custom_margin=&#8221;-1px|||||&#8221; custom_padding=&#8221;0px|0px|0px|0px|true|true&#8221; border_radii_fields=&#8221;on|0px|0px|0px|0px&#8221; locked=&#8221;off&#8221; global_colors_info=&#8221;{}&#8221;][\/et_pb_signup][\/et_pb_column][\/et_pb_row][\/et_pb_section][et_pb_section fb_built=&#8221;1&#8243; _builder_version=&#8221;4.23&#8243; _module_preset=&#8221;default&#8221; custom_padding=&#8221;100px||100px||true|false&#8221; global_colors_info=&#8221;{}&#8221;][et_pb_row column_structure=&#8221;1_2,1_2&#8243; _builder_version=&#8221;4.23&#8243; _module_preset=&#8221;default&#8221; custom_padding=&#8221;0px||0px||true|false&#8221; global_colors_info=&#8221;{}&#8221;][et_pb_column type=&#8221;1_2&#8243; _builder_version=&#8221;4.23&#8243; _module_preset=&#8221;default&#8221; global_colors_info=&#8221;{}&#8221;][et_pb_image src=&#8221;https:\/\/designanddisrupt.co\/wp-content\/uploads\/2023\/10\/digital-marketing-strategy.jpg&#8221; alt=&#8221;digital marketing strategy&#8221; _builder_version=&#8221;4.23&#8243; _module_preset=&#8221;default&#8221; global_colors_info=&#8221;{}&#8221;][\/et_pb_image][\/et_pb_column][et_pb_column type=&#8221;1_2&#8243; _builder_version=&#8221;4.23&#8243; _module_preset=&#8221;default&#8221; global_colors_info=&#8221;{}&#8221;][et_pb_text _builder_version=&#8221;4.23&#8243; _module_preset=&#8221;default&#8221; header_3_text_align=&#8221;center&#8221; header_3_text_color=&#8221;#011637&#8243; header_3_font_size=&#8221;15px&#8221; header_3_letter_spacing=&#8221;3px&#8221; global_colors_info=&#8221;{}&#8221;]<\/p>\n<h3 id='meet-the-author'>TAPAA KIRJAILIJA<\/h3>\n<p>[\/et_pb_text][et_pb_text _builder_version=&#8221;4.23&#8243; _module_preset=&#8221;default&#8221; header_2_font=&#8221;Recklessneue Thin||||||||&#8221; header_2_text_align=&#8221;center&#8221; header_2_text_color=&#8221;#011637&#8243; header_2_font_size=&#8221;50px&#8221; custom_margin=&#8221;-25px||||false|false&#8221; global_colors_info=&#8221;{}&#8221;]<\/p>\n<h2 id='hi-i-m-laila-and-i-m-obsessed-with-digital-marketing'>Hei, olen Laila, ja minulla on digitaalisen markkinoinnin pakkomielle.<\/h2>\n<p>[\/et_pb_text][et_pb_text _builder_version=&#8221;4.23&#8243; _module_preset=&#8221;default&#8221; text_font=&#8221;|300|||||||&#8221; text_text_color=&#8221;#011637&#8243; text_line_height=&#8221;1.6em&#8221; text_orientation=&#8221;center&#8221; global_colors_info=&#8221;{}&#8221;]<\/p>\n<p>Minulla on yli kahden vuoden k\u00e4yt\u00e4nn\u00f6n kokemus digitaalisesta markkinoinnista, ja minulla on ollut etuoikeus auttaa lukuisia yritysten omistajia vapauttamaan verkkopotentiaalinsa. Asiantuntemukseni kattaa palvelupohjaiset yritykset ja yritysten omistajat, ja olen n\u00e4hnyt omakohtaisesti, mik\u00e4 toimii ja mik\u00e4 ei digitaalisen markkinoinnin alati kehittyv\u00e4ss\u00e4 maailmassa.<\/p>\n<p>T\u00e4m\u00e4 e-kirja on tiivistetty, toimiva suunnitelma tiet\u00e4myksest\u00e4ni, jonka tavoitteena on antaa kaltaisillesi yritt\u00e4jille mahdollisuus liikkua digitaalisessa maailmassa luottavaisesti. Kun lataat sen, et vain saa k\u00e4ytt\u00f6\u00f6ns\u00e4 runsaasti asiantuntemusta, vaan saat my\u00f6s ty\u00f6kaluja ja n\u00e4kemyksi\u00e4, joita tarvitset menesty\u00e4ksesi digitaalisella aikakaudella. Uskon todella, ett\u00e4 saat uudenlaista selkeytt\u00e4, paremman ROI:n ja lopulta avaimet yrityksesi digitaaliseen menestykseen.<\/p>\n<p>[\/et_pb_text][et_pb_text _builder_version=&#8221;4.23&#8243; _module_preset=&#8221;default&#8221; text_font=&#8221;IvyOra Display Light|600||on|||||&#8221; text_font_size=&#8221;20px&#8221; text_orientation=&#8221;center&#8221; global_colors_info=&#8221;{}&#8221;]<\/p>\n<p>Design and Disruptin perustaja<br \/>El\u00e4m\u00e4n ja oppimisen yst\u00e4v\u00e4<\/p>\n<p>[\/et_pb_text][\/et_pb_column][\/et_pb_row][\/et_pb_section]<\/p>","protected":false},"excerpt":{"rendered":"<p>&#8220;Wow, this is the best guide I&#8217;ve ever gotten on this particular topic! I just spent the last two hours diving in!&#8221;- CourtneyFree Guide!Business Owner&#8217;s Guide To Developing A Winning Digital Marketing StrategyFeeling lost and confused about how exactly should you start marketing your business online? You&#8217;re not alone! With so many platforms online, it [&hellip;]<\/p>","protected":false},"author":1,"featured_media":8576,"parent":0,"menu_order":0,"comment_status":"closed","ping_status":"closed","template":"","meta":{"_et_pb_use_builder":"on","_et_pb_old_content":"","_et_gb_content_width":"","content-type":"","footnotes":""},"class_list":["post-8575","page","type-page","status-publish","has-post-thumbnail","hentry"],"yoast_head":"<!-- This site is optimized with the Yoast SEO plugin v25.9 - https:\/\/yoast.com\/wordpress\/plugins\/seo\/ -->\n<title>Develop a Simple yet Winning Digital Marketing Strategy<\/title>\n<meta name=\"description\" content=\"This free e-book provides a guide and workbook to help you develop a simple yet winning digital marketing strategy for your business.\" \/>\n<meta name=\"robots\" content=\"index, nofollow, max-snippet:-1, max-image-preview:large, max-video-preview:-1\" \/>\n<link rel=\"canonical\" href=\"https:\/\/designanddisrupt.co\/fi\/digitaalisen-markkinoinnin-strategiaopas\/\" \/>\n<meta property=\"og:locale\" content=\"fi_FI\" \/>\n<meta property=\"og:type\" content=\"article\" \/>\n<meta property=\"og:title\" content=\"Develop a Simple yet Winning Digital Marketing Strategy\" \/>\n<meta property=\"og:description\" content=\"This free e-book provides a guide and workbook to help you develop a simple yet winning digital marketing strategy for your business.\" \/>\n<meta property=\"og:url\" content=\"https:\/\/designanddisrupt.co\/fi\/digitaalisen-markkinoinnin-strategiaopas\/\" \/>\n<meta property=\"og:site_name\" content=\"Design and Disrupt\" \/>\n<meta property=\"article:publisher\" content=\"https:\/\/www.facebook.com\/designanddisruptco\" \/>\n<meta property=\"article:modified_time\" content=\"2023-10-22T12:04:52+00:00\" \/>\n<meta property=\"og:image\" content=\"https:\/\/designanddisrupt.co\/wp-content\/uploads\/2023\/04\/Ultimate-Guide-and-Workbook-to-Develop-a-Simple-yet-Winning-Digital-Marketing-Strategy.png\" \/>\n\t<meta property=\"og:image:width\" content=\"916\" \/>\n\t<meta property=\"og:image:height\" content=\"768\" \/>\n\t<meta property=\"og:image:type\" content=\"image\/png\" \/>\n<meta name=\"twitter:card\" content=\"summary_large_image\" \/>\n<meta name=\"twitter:site\" content=\"@AndDisrupt\" \/>\n<meta name=\"twitter:label1\" content=\"Arvioitu lukuaika\" \/>\n\t<meta name=\"twitter:data1\" content=\"5 minuuttia\" \/>\n<script type=\"application\/ld+json\" class=\"yoast-schema-graph\">{\"@context\":\"https:\/\/schema.org\",\"@graph\":[{\"@type\":\"WebPage\",\"@id\":\"https:\/\/designanddisrupt.co\/digital-marketing-strategy-guide\/\",\"url\":\"https:\/\/designanddisrupt.co\/digital-marketing-strategy-guide\/\",\"name\":\"Develop a Simple yet Winning Digital Marketing Strategy\",\"isPartOf\":{\"@id\":\"https:\/\/designanddisrupt.co\/#website\"},\"primaryImageOfPage\":{\"@id\":\"https:\/\/designanddisrupt.co\/digital-marketing-strategy-guide\/#primaryimage\"},\"image\":{\"@id\":\"https:\/\/designanddisrupt.co\/digital-marketing-strategy-guide\/#primaryimage\"},\"thumbnailUrl\":\"https:\/\/designanddisrupt.co\/wp-content\/uploads\/2023\/04\/Ultimate-Guide-and-Workbook-to-Develop-a-Simple-yet-Winning-Digital-Marketing-Strategy.png\",\"datePublished\":\"2023-04-20T11:02:02+00:00\",\"dateModified\":\"2023-10-22T12:04:52+00:00\",\"description\":\"This free e-book provides a guide and workbook to help you develop a simple yet winning digital marketing strategy for your business.\",\"breadcrumb\":{\"@id\":\"https:\/\/designanddisrupt.co\/digital-marketing-strategy-guide\/#breadcrumb\"},\"inLanguage\":\"fi\",\"potentialAction\":[{\"@type\":\"ReadAction\",\"target\":[\"https:\/\/designanddisrupt.co\/digital-marketing-strategy-guide\/\"]}]},{\"@type\":\"ImageObject\",\"inLanguage\":\"fi\",\"@id\":\"https:\/\/designanddisrupt.co\/digital-marketing-strategy-guide\/#primaryimage\",\"url\":\"https:\/\/designanddisrupt.co\/wp-content\/uploads\/2023\/04\/Ultimate-Guide-and-Workbook-to-Develop-a-Simple-yet-Winning-Digital-Marketing-Strategy.png\",\"contentUrl\":\"https:\/\/designanddisrupt.co\/wp-content\/uploads\/2023\/04\/Ultimate-Guide-and-Workbook-to-Develop-a-Simple-yet-Winning-Digital-Marketing-Strategy.png\",\"width\":916,\"height\":768,\"caption\":\"Ultimate Guide and Workbook to Develop a Simple yet Winning Digital Marketing Strategy\"},{\"@type\":\"BreadcrumbList\",\"@id\":\"https:\/\/designanddisrupt.co\/digital-marketing-strategy-guide\/#breadcrumb\",\"itemListElement\":[{\"@type\":\"ListItem\",\"position\":1,\"name\":\"Home\",\"item\":\"https:\/\/designanddisrupt.co\/\"},{\"@type\":\"ListItem\",\"position\":2,\"name\":\"Develop a Simple yet Winning Digital Marketing Strategy\"}]},{\"@type\":\"WebSite\",\"@id\":\"https:\/\/designanddisrupt.co\/#website\",\"url\":\"https:\/\/designanddisrupt.co\/\",\"name\":\"Design and Disrupt\",\"description\":\"We Market Your Business Like It&#039;s Ours\",\"publisher\":{\"@id\":\"https:\/\/designanddisrupt.co\/#organization\"},\"potentialAction\":[{\"@type\":\"SearchAction\",\"target\":{\"@type\":\"EntryPoint\",\"urlTemplate\":\"https:\/\/designanddisrupt.co\/?s={search_term_string}\"},\"query-input\":{\"@type\":\"PropertyValueSpecification\",\"valueRequired\":true,\"valueName\":\"search_term_string\"}}],\"inLanguage\":\"fi\"},{\"@type\":\"Organization\",\"@id\":\"https:\/\/designanddisrupt.co\/#organization\",\"name\":\"Design and Disrupt Co.\",\"url\":\"https:\/\/designanddisrupt.co\/\",\"logo\":{\"@type\":\"ImageObject\",\"inLanguage\":\"fi\",\"@id\":\"https:\/\/designanddisrupt.co\/#\/schema\/logo\/image\/\",\"url\":\"https:\/\/designanddisrupt.co\/wp-content\/uploads\/2022\/11\/309391429_159697846677963_2853838815974018940_n.jpg\",\"contentUrl\":\"https:\/\/designanddisrupt.co\/wp-content\/uploads\/2022\/11\/309391429_159697846677963_2853838815974018940_n.jpg\",\"width\":500,\"height\":500,\"caption\":\"Design and Disrupt Co.\"},\"image\":{\"@id\":\"https:\/\/designanddisrupt.co\/#\/schema\/logo\/image\/\"},\"sameAs\":[\"https:\/\/www.facebook.com\/designanddisruptco\",\"https:\/\/x.com\/AndDisrupt\",\"https:\/\/www.pinterest.ph\/designanddisruptco\",\"https:\/\/www.instagram.com\/designanddisruptco\/\",\"https:\/\/www.linkedin.com\/company\/designanddisruptco\"]}]}<\/script>\n<!-- \/ Yoast SEO plugin. -->","yoast_head_json":{"title":"Digitaalisen Markkinointistrategian Kehitt\u00e4minen","description":"T\u00e4m\u00e4 ilmainen e-kirja sis\u00e4lt\u00e4\u00e4 oppaan ja ty\u00f6kirjan, joiden avulla voit kehitt\u00e4\u00e4 yrityksellesi yksinkertaisen mutta voittavan digitaalisen markkinointistrategian.","robots":{"index":"index","follow":"nofollow","max-snippet":"max-snippet:-1","max-image-preview":"max-image-preview:large","max-video-preview":"max-video-preview:-1"},"canonical":"https:\/\/designanddisrupt.co\/fi\/digitaalisen-markkinoinnin-strategiaopas\/","og_locale":"fi_FI","og_type":"article","og_title":"Develop a Simple yet Winning Digital Marketing Strategy","og_description":"This free e-book provides a guide and workbook to help you develop a simple yet winning digital marketing strategy for your business.","og_url":"https:\/\/designanddisrupt.co\/fi\/digitaalisen-markkinoinnin-strategiaopas\/","og_site_name":"Design and Disrupt","article_publisher":"https:\/\/www.facebook.com\/designanddisruptco","article_modified_time":"2023-10-22T12:04:52+00:00","og_image":[{"width":916,"height":768,"url":"https:\/\/designanddisrupt.co\/wp-content\/uploads\/2023\/04\/Ultimate-Guide-and-Workbook-to-Develop-a-Simple-yet-Winning-Digital-Marketing-Strategy.png","type":"image\/png"}],"twitter_card":"summary_large_image","twitter_site":"@AndDisrupt","twitter_misc":{"Arvioitu lukuaika":"5 minuuttia"},"schema":{"@context":"https:\/\/schema.org","@graph":[{"@type":"WebPage","@id":"https:\/\/designanddisrupt.co\/digital-marketing-strategy-guide\/","url":"https:\/\/designanddisrupt.co\/digital-marketing-strategy-guide\/","name":"Digitaalisen Markkinointistrategian Kehitt\u00e4minen","isPartOf":{"@id":"https:\/\/designanddisrupt.co\/#website"},"primaryImageOfPage":{"@id":"https:\/\/designanddisrupt.co\/digital-marketing-strategy-guide\/#primaryimage"},"image":{"@id":"https:\/\/designanddisrupt.co\/digital-marketing-strategy-guide\/#primaryimage"},"thumbnailUrl":"https:\/\/designanddisrupt.co\/wp-content\/uploads\/2023\/04\/Ultimate-Guide-and-Workbook-to-Develop-a-Simple-yet-Winning-Digital-Marketing-Strategy.png","datePublished":"2023-04-20T11:02:02+00:00","dateModified":"2023-10-22T12:04:52+00:00","description":"T\u00e4m\u00e4 ilmainen e-kirja sis\u00e4lt\u00e4\u00e4 oppaan ja ty\u00f6kirjan, joiden avulla voit kehitt\u00e4\u00e4 yrityksellesi yksinkertaisen mutta voittavan digitaalisen markkinointistrategian.","breadcrumb":{"@id":"https:\/\/designanddisrupt.co\/digital-marketing-strategy-guide\/#breadcrumb"},"inLanguage":"fi","potentialAction":[{"@type":"ReadAction","target":["https:\/\/designanddisrupt.co\/digital-marketing-strategy-guide\/"]}]},{"@type":"ImageObject","inLanguage":"fi","@id":"https:\/\/designanddisrupt.co\/digital-marketing-strategy-guide\/#primaryimage","url":"https:\/\/designanddisrupt.co\/wp-content\/uploads\/2023\/04\/Ultimate-Guide-and-Workbook-to-Develop-a-Simple-yet-Winning-Digital-Marketing-Strategy.png","contentUrl":"https:\/\/designanddisrupt.co\/wp-content\/uploads\/2023\/04\/Ultimate-Guide-and-Workbook-to-Develop-a-Simple-yet-Winning-Digital-Marketing-Strategy.png","width":916,"height":768,"caption":"Ultimate Guide and Workbook to Develop a Simple yet Winning Digital Marketing Strategy"},{"@type":"BreadcrumbList","@id":"https:\/\/designanddisrupt.co\/digital-marketing-strategy-guide\/#breadcrumb","itemListElement":[{"@type":"ListItem","position":1,"name":"Home","item":"https:\/\/designanddisrupt.co\/"},{"@type":"ListItem","position":2,"name":"Develop a Simple yet Winning Digital Marketing Strategy"}]},{"@type":"WebSite","@id":"https:\/\/designanddisrupt.co\/#website","url":"https:\/\/designanddisrupt.co\/","name":"Design and Disrupt","description":"We Market Your Business Like It&#039;s Ours","publisher":{"@id":"https:\/\/designanddisrupt.co\/#organization"},"potentialAction":[{"@type":"SearchAction","target":{"@type":"EntryPoint","urlTemplate":"https:\/\/designanddisrupt.co\/?s={search_term_string}"},"query-input":{"@type":"PropertyValueSpecification","valueRequired":true,"valueName":"search_term_string"}}],"inLanguage":"fi"},{"@type":"Organization","@id":"https:\/\/designanddisrupt.co\/#organization","name":"Design and Disrupt Co.","url":"https:\/\/designanddisrupt.co\/","logo":{"@type":"ImageObject","inLanguage":"fi","@id":"https:\/\/designanddisrupt.co\/#\/schema\/logo\/image\/","url":"https:\/\/designanddisrupt.co\/wp-content\/uploads\/2022\/11\/309391429_159697846677963_2853838815974018940_n.jpg","contentUrl":"https:\/\/designanddisrupt.co\/wp-content\/uploads\/2022\/11\/309391429_159697846677963_2853838815974018940_n.jpg","width":500,"height":500,"caption":"Design and Disrupt Co."},"image":{"@id":"https:\/\/designanddisrupt.co\/#\/schema\/logo\/image\/"},"sameAs":["https:\/\/www.facebook.com\/designanddisruptco","https:\/\/x.com\/AndDisrupt","https:\/\/www.pinterest.ph\/designanddisruptco","https:\/\/www.instagram.com\/designanddisruptco\/","https:\/\/www.linkedin.com\/company\/designanddisruptco"]}]}},"_links":{"self":[{"href":"https:\/\/designanddisrupt.co\/fi\/wp-json\/wp\/v2\/pages\/8575","targetHints":{"allow":["GET"]}}],"collection":[{"href":"https:\/\/designanddisrupt.co\/fi\/wp-json\/wp\/v2\/pages"}],"about":[{"href":"https:\/\/designanddisrupt.co\/fi\/wp-json\/wp\/v2\/types\/page"}],"author":[{"embeddable":true,"href":"https:\/\/designanddisrupt.co\/fi\/wp-json\/wp\/v2\/users\/1"}],"replies":[{"embeddable":true,"href":"https:\/\/designanddisrupt.co\/fi\/wp-json\/wp\/v2\/comments?post=8575"}],"version-history":[{"count":1,"href":"https:\/\/designanddisrupt.co\/fi\/wp-json\/wp\/v2\/pages\/8575\/revisions"}],"predecessor-version":[{"id":11051,"href":"https:\/\/designanddisrupt.co\/fi\/wp-json\/wp\/v2\/pages\/8575\/revisions\/11051"}],"wp:featuredmedia":[{"embeddable":true,"href":"https:\/\/designanddisrupt.co\/fi\/wp-json\/wp\/v2\/media\/8576"}],"wp:attachment":[{"href":"https:\/\/designanddisrupt.co\/fi\/wp-json\/wp\/v2\/media?parent=8575"}],"curies":[{"name":"wp","href":"https:\/\/api.w.org\/{rel}","templated":true}]}}